{"id":53,"date":"2016-07-30T15:15:31","date_gmt":"2016-07-30T15:15:31","guid":{"rendered":"https:\/\/www.body-mass.org\/portal\/?page_id=53"},"modified":"2017-04-28T09:02:19","modified_gmt":"2017-04-28T09:02:19","slug":"steroid-profiler","status":"publish","type":"page","link":"https:\/\/www.body-mass.org\/portal\/steroid-profiler\/","title":{"rendered":"Steroid Profiler"},"content":{"rendered":"<p><img loading=\"lazy\" decoding=\"async\" class=\"alignnone wp-image-94\" src=\"https:\/\/www.body-mass.org\/portal\/wp-content\/uploads\/2016\/07\/steroid_profiles_v2-300x157.jpg\" alt=\"steroid_profiles_v2\" width=\"248\" height=\"130\" srcset=\"https:\/\/www.body-mass.org\/portal\/wp-content\/uploads\/2016\/07\/steroid_profiles_v2-300x157.jpg 300w, https:\/\/www.body-mass.org\/portal\/wp-content\/uploads\/2016\/07\/steroid_profiles_v2-768x402.jpg 768w, https:\/\/www.body-mass.org\/portal\/wp-content\/uploads\/2016\/07\/steroid_profiles_v2-1024x536.jpg 1024w, https:\/\/www.body-mass.org\/portal\/wp-content\/uploads\/2016\/07\/steroid_profiles_v2-818x430.jpg 818w, https:\/\/www.body-mass.org\/portal\/wp-content\/uploads\/2016\/07\/steroid_profiles_v2.jpg 1200w\" sizes=\"auto, (max-width: 248px) 100vw, 248px\" \/><img loading=\"lazy\" decoding=\"async\" class=\"alignnone wp-image-97\" src=\"https:\/\/www.body-mass.org\/portal\/wp-content\/uploads\/2016\/07\/halotestin-image-300x185.png\" alt=\"halotestin-image\" width=\"230\" height=\"142\" srcset=\"https:\/\/www.body-mass.org\/portal\/wp-content\/uploads\/2016\/07\/halotestin-image-300x185.png 300w, https:\/\/www.body-mass.org\/portal\/wp-content\/uploads\/2016\/07\/halotestin-image-768x474.png 768w, https:\/\/www.body-mass.org\/portal\/wp-content\/uploads\/2016\/07\/halotestin-image.png 800w\" sizes=\"auto, (max-width: 230px) 100vw, 230px\" \/><\/p>\n<p><strong>Svensk text p\u00e5 alla steroid profiler.<br \/>\n<\/strong><\/p>\n<p><em>Logga f\u00f6rst in p\u00e5 <a href=\"https:\/\/body-mass.org\/login.php\">Body-mass forum<\/a> f\u00f6r att kunna\u00a0visa texterna.<\/em><\/p>\n<p>&nbsp;<\/p>\n<p><strong><a href=\"https:\/\/body-mass.org\/viewtopic.php?id=208\">Anavar &#8211; (Svensk Text)<\/a><\/strong><\/p>\n<p><strong><a href=\"https:\/\/body-mass.org\/viewtopic.php?id=7089\">Clenbuterol och Albuterol &#8211; ANABOLICS 10th edition &#8211; \u00f6vers\u00e4ttning<\/a><\/strong><\/p>\n<p><strong><a href=\"https:\/\/body-mass.org\/viewtopic.php?id=205\">Clomid &#8211; (Svensk Text)<\/a><\/strong><\/p>\n<p><strong><a href=\"https:\/\/body-mass.org\/viewtopic.php?id=336\">Equipoise &#8211; (Svensk Text)<\/a><\/strong><\/p>\n<p><strong><a href=\"https:\/\/body-mass.org\/viewtopic.php?id=209\">Deca Durabolin &#8211; ( Svensk Text)<\/a><\/strong><\/p>\n<p><strong><a href=\"https:\/\/body-mass.org\/viewtopic.php?id=207\">Dianabol &#8211; (Svensk Text)<\/a><\/strong><\/p>\n<p><strong><a href=\"https:\/\/body-mass.org\/viewtopic.php?id=605\">DNP &#8211; (Svensk text)<\/a><br \/>\n<\/strong><\/p>\n<p><a href=\"https:\/\/www.body-mass.org\/viewtopic.php?id=11868\"><strong><u><span style=\"color: #0066cc;\">GHRP-2 (Svensk text)<\/span><\/u><\/strong><\/a><\/p>\n<p><a href=\"https:\/\/www.body-mass.org\/viewtopic.php?id=11866\"><strong><u><span style=\"color: #0066cc;\">Ghrp-6 och CJC 1295 (svensk text)<\/span><\/u><\/strong><\/a><\/p>\n<p><a href=\"https:\/\/www.body-mass.org\/viewtopic.php?id=11867\"><strong><u><span style=\"color: #0066cc;\">HGH Fragment 176-191 (Svensk text)<\/span><\/u><\/strong><\/a><\/p>\n<p><strong><a href=\"https:\/\/body-mass.org\/viewtopic.php?id=337\">Insulin &#8211; (Svensk text)<\/a><\/strong><\/p>\n<p><strong><a href=\"https:\/\/body-mass.org\/viewtopic.php?id=982\">Masteron &#8211; (Svensk text)<\/a><\/strong><\/p>\n<p><strong><a href=\"https:\/\/body-mass.org\/viewtopic.php?id=210\">Metyltestosteron &#8211; (Svensk Text)<\/a><\/strong><\/p>\n<p><strong><a href=\"https:\/\/body-mass.org\/viewtopic.php?id=206\">Nolvadex &#8211; (Svensk Text)<\/a><\/strong><\/p>\n<p><strong><a href=\"https:\/\/body-mass.org\/viewtopic.php?id=214\">Oxymetholone &#8211; Anadrol &#8211; (Svensk Text)<\/a><\/strong><\/p>\n<p><strong><a href=\"https:\/\/body-mass.org\/viewtopic.php?id=429\">Primobolan &#8211; Oral form <\/a><\/strong><\/p>\n<p><strong><a href=\"https:\/\/body-mass.org\/viewtopic.php?id=7155\">T3<\/a><\/strong><\/p>\n<p><strong><a href=\"https:\/\/body-mass.org\/viewtopic.php?id=10455\">T3\/T4<\/a><\/strong><\/p>\n<p><strong><a href=\"https:\/\/body-mass.org\/viewtopic.php?id=346\">Trenbolon Enanthate &#8211; (Svensk text)<\/a><\/strong><\/p>\n<p><strong><a href=\"https:\/\/body-mass.org\/viewtopic.php?id=355\">Winstrol &#8211; (Svensk text)<\/a><\/strong><\/p>\n","protected":false},"excerpt":{"rendered":"<p>Svensk text p\u00e5 alla steroid profiler. Logga f\u00f6rst in p\u00e5 Body-mass forum f\u00f6r att kunna\u00a0visa texterna. &nbsp; Anavar &#8211; (Svensk Text) Clenbuterol och Albuterol &#8211; ANABOLICS 10th edition &#8211; \u00f6vers\u00e4ttning Clomid &#8211; (Svensk Text) Equipoise &#8211; (Svensk Text) Deca Durabolin &#8211; ( Svensk Text) Dianabol &#8211; (Svensk Text) DNP &#8211; (Svensk text) GHRP-2 (Svensk text) [&hellip;]<\/p>\n","protected":false},"author":1,"featured_media":960,"parent":0,"menu_order":0,"comment_status":"closed","ping_status":"closed","template":"","meta":{"footnotes":""},"class_list":["post-53","page","type-page","status-publish","has-post-thumbnail","hentry"],"_links":{"self":[{"href":"https:\/\/www.body-mass.org\/portal\/wp-json\/wp\/v2\/pages\/53","targetHints":{"allow":["GET"]}}],"collection":[{"href":"https:\/\/www.body-mass.org\/portal\/wp-json\/wp\/v2\/pages"}],"about":[{"href":"https:\/\/www.body-mass.org\/portal\/wp-json\/wp\/v2\/types\/page"}],"author":[{"embeddable":true,"href":"https:\/\/www.body-mass.org\/portal\/wp-json\/wp\/v2\/users\/1"}],"replies":[{"embeddable":true,"href":"https:\/\/www.body-mass.org\/portal\/wp-json\/wp\/v2\/comments?post=53"}],"version-history":[{"count":10,"href":"https:\/\/www.body-mass.org\/portal\/wp-json\/wp\/v2\/pages\/53\/revisions"}],"predecessor-version":[{"id":727,"href":"https:\/\/www.body-mass.org\/portal\/wp-json\/wp\/v2\/pages\/53\/revisions\/727"}],"wp:featuredmedia":[{"embeddable":true,"href":"https:\/\/www.body-mass.org\/portal\/wp-json\/wp\/v2\/media\/960"}],"wp:attachment":[{"href":"https:\/\/www.body-mass.org\/portal\/wp-json\/wp\/v2\/media?parent=53"}],"curies":[{"name":"wp","href":"https:\/\/api.w.org\/{rel}","templated":true}]}}