{"id":77,"date":"2016-07-30T19:32:17","date_gmt":"2016-07-30T19:32:17","guid":{"rendered":"https:\/\/www.body-mass.org\/portal\/?page_id=77"},"modified":"2017-04-28T09:05:26","modified_gmt":"2017-04-28T09:05:26","slug":"guider","status":"publish","type":"page","link":"https:\/\/www.body-mass.org\/portal\/guider\/","title":{"rendered":"Guider"},"content":{"rendered":"<p><em>Logga f\u00f6rst in p\u00e5 <\/em><a href=\"https:\/\/body-mass.org\/login.php\"><em>Body-mass forum<\/em><\/a><em> f\u00f6r att kunna\u00a0visa texterna.<\/em><\/p>\n<p>&nbsp;<\/p>\n<p><strong><a href=\"https:\/\/body-mass.org\/viewtopic.php?id=7807\">Vad ska man testa vid ett l\u00e4karbes\u00f6k..<\/a><\/strong><\/p>\n<p><strong><a href=\"https:\/\/body-mass.org\/viewtopic.php?id=10642\">Insulin denna omtalade medicin<\/a>.<\/strong><\/p>\n<p><strong><a href=\"https:\/\/body-mass.org\/viewtopic.php?id=10641\">Hur blandar jag mina peptider?<\/a><\/strong><\/p>\n<p><strong><a href=\"https:\/\/body-mass.org\/viewtopic.php?id=10632\">Djupdykning i DNP.<\/a><\/strong><\/p>\n<p><strong><a href=\"https:\/\/body-mass.org\/viewtopic.php?id=10608\">Vad \u00e4r en abcess o hur kurerar man sig?<\/a><\/strong><\/p>\n<p><strong><a href=\"https:\/\/body-mass.org\/viewtopic.php?id=10593\">Dosering av Arimidex tillsammans med Testo<\/a>.<\/strong><\/p>\n<p><strong><a href=\"https:\/\/body-mass.org\/viewtopic.php?id=10562\">Verktyg<\/a>.<\/strong><\/p>\n<p><strong><a href=\"https:\/\/body-mass.org\/viewtopic.php?id=10546\">Nyb\u00f6rjarkurer<\/a>.<\/strong><\/p>\n<p><strong><a href=\"https:\/\/body-mass.org\/viewtopic.php?id=10453\">PCT FAQ<\/a>.<\/strong><\/p>\n<p><strong><a href=\"https:\/\/body-mass.org\/viewtopic.php?id=10457\">SARMs Faq<\/a>.<\/strong><\/p>\n<p><strong><a href=\"https:\/\/body-mass.org\/viewtopic.php?id=10456\">Peptider Faq<\/a>.<\/strong><\/p>\n<p><strong><a href=\"https:\/\/body-mass.org\/viewtopic.php?id=10454\">Letro, Arimidex, Aromasin Faq<\/a>.<\/strong><\/p>\n<p><strong><a href=\"https:\/\/body-mass.org\/viewtopic.php?id=10452\">HCG Faq<\/a>.<\/strong><\/p>\n<p><strong><a href=\"https:\/\/body-mass.org\/viewtopic.php?id=4923\">Injekt sm\u00e4rta &#8211; PiP<\/a>.<\/strong><\/p>\n<p><strong><a href=\"https:\/\/body-mass.org\/viewtopic.php?id=7808\">\u00c5rs l\u00e5nga kurer hur kliver jag av?<\/a><\/strong><\/p>\n<p><strong><a href=\"https:\/\/body-mass.org\/viewtopic.php?id=4698\">Melanotan 2 &#8211; Guide<\/a>.<\/strong><\/p>\n<p><strong><a href=\"https:\/\/body-mass.org\/viewtopic.php?id=664\">DNP &#8211; riktlinjer och rekommendationer<\/a>.<\/strong><\/p>\n<p><strong><a href=\"https:\/\/body-mass.org\/viewtopic.php?id=4251\">PCT calculator<\/a>.<\/strong><\/p>\n<p><strong><a href=\"https:\/\/body-mass.org\/viewtopic.php?id=884\">Halveringstider.<\/a><\/strong><\/p>\n<p><strong><a href=\"https:\/\/body-mass.org\/viewtopic.php?id=3951\">Sp\u00e5rtider<\/a>.<\/strong><\/p>\n<p><strong><a href=\"https:\/\/body-mass.org\/viewtopic.php?id=3602\">PEPTIDE GUIDE<\/a>.<\/strong><\/p>\n<p><strong><a href=\"https:\/\/body-mass.org\/viewtopic.php?id=4015\">FAQ om frontning<\/a>.<\/strong><\/p>\n<p><strong><a href=\"https:\/\/body-mass.org\/viewtopic.php?id=921\">Hgh f\u00f6r kvinnor.<\/a><\/strong><\/p>\n<p><strong><a href=\"https:\/\/body-mass.org\/viewtopic.php?id=316\">Peptider &#8211; FAQ<\/a>.<\/strong><\/p>\n<p><strong><a href=\"https:\/\/body-mass.org\/viewtopic.php?id=29\">Injektions Guide\/FAQ IM &amp; SubQ<\/a>.<\/strong><\/p>\n<p><strong><a href=\"https:\/\/body-mass.org\/viewtopic.php?id=321\">PoWeR &#8211; PCT<\/a>.<\/strong><\/p>\n","protected":false},"excerpt":{"rendered":"<p>Logga f\u00f6rst in p\u00e5 Body-mass forum f\u00f6r att kunna\u00a0visa texterna. &nbsp; Vad ska man testa vid ett l\u00e4karbes\u00f6k.. Insulin denna omtalade medicin. Hur blandar jag mina peptider? Djupdykning i DNP. Vad \u00e4r en abcess o hur kurerar man sig? Dosering av Arimidex tillsammans med Testo. Verktyg. Nyb\u00f6rjarkurer. PCT FAQ. SARMs Faq. Peptider Faq. Letro, Arimidex, [&hellip;]<\/p>\n","protected":false},"author":1,"featured_media":92,"parent":0,"menu_order":0,"comment_status":"closed","ping_status":"closed","template":"","meta":{"footnotes":""},"class_list":["post-77","page","type-page","status-publish","has-post-thumbnail","hentry"],"_links":{"self":[{"href":"https:\/\/www.body-mass.org\/portal\/wp-json\/wp\/v2\/pages\/77","targetHints":{"allow":["GET"]}}],"collection":[{"href":"https:\/\/www.body-mass.org\/portal\/wp-json\/wp\/v2\/pages"}],"about":[{"href":"https:\/\/www.body-mass.org\/portal\/wp-json\/wp\/v2\/types\/page"}],"author":[{"embeddable":true,"href":"https:\/\/www.body-mass.org\/portal\/wp-json\/wp\/v2\/users\/1"}],"replies":[{"embeddable":true,"href":"https:\/\/www.body-mass.org\/portal\/wp-json\/wp\/v2\/comments?post=77"}],"version-history":[{"count":9,"href":"https:\/\/www.body-mass.org\/portal\/wp-json\/wp\/v2\/pages\/77\/revisions"}],"predecessor-version":[{"id":2167,"href":"https:\/\/www.body-mass.org\/portal\/wp-json\/wp\/v2\/pages\/77\/revisions\/2167"}],"wp:featuredmedia":[{"embeddable":true,"href":"https:\/\/www.body-mass.org\/portal\/wp-json\/wp\/v2\/media\/92"}],"wp:attachment":[{"href":"https:\/\/www.body-mass.org\/portal\/wp-json\/wp\/v2\/media?parent=77"}],"curies":[{"name":"wp","href":"https:\/\/api.w.org\/{rel}","templated":true}]}}